{"id":769,"date":"2015-09-21T15:46:01","date_gmt":"2015-09-21T14:46:01","guid":{"rendered":"https:\/\/museedutram.ch\/wp\/?page_id=769"},"modified":"2022-08-26T10:06:25","modified_gmt":"2022-08-26T09:06:25","slug":"devenir-membre","status":"publish","type":"page","link":"https:\/\/museedutram.ch\/wp\/devenir-membre\/","title":{"rendered":"Devenir membre"},"content":{"rendered":"<div class=\"wpb-content-wrapper\"><p>[vc_row][vc_column width=\u00a0\u00bb1\/2&Prime;]<div class=\"dt-fancy-separator title-left h3-size style-double\" style=\"width: 100%;\"><div class=\"dt-fancy-title\" style=\"color: #909090;\"><span class=\"separator-holder separator-left\" style=\"border-color: #7bb600;\"><\/span>Rejoignez-nous !<span class=\"separator-holder separator-right\" style=\"border-color: #7bb600;\"><\/span><\/div><\/div><div class=\"ult-spacer spacer-69e05c0388f81\" data-id=\"69e05c0388f81\" data-height=\"25\" data-height-mobile=\"25\" data-height-tab=\"25\" data-height-tab-portrait=\"\" data-height-mobile-landscape=\"\" style=\"clear:both;display:block;\"><\/div>[\/vc_column][vc_column width=\u00a0\u00bb1\/2&Prime;]<div class=\"dt-fancy-separator title-left h3-size style-double\" style=\"width: 100%;\"><div class=\"dt-fancy-title\" style=\"color: #909090;\"><span class=\"separator-holder separator-left\" style=\"border-color: #7bb600;\"><\/span>Formulaire d&#039;adh\u00e9sion<span class=\"separator-holder separator-right\" style=\"border-color: #7bb600;\"><\/span><\/div><\/div><div class=\"ult-spacer spacer-69e05c0388fbc\" data-id=\"69e05c0388fbc\" data-height=\"25\" data-height-mobile=\"25\" data-height-tab=\"25\" data-height-tab-portrait=\"\" data-height-mobile-landscape=\"\" style=\"clear:both;display:block;\"><\/div>[\/vc_column][\/vc_row][vc_row][vc_column width=\u00a0\u00bb1\/2&Prime;][vc_column_text]Apportez votre soutien<b> <\/b>en devenant membre\u00a0de l&rsquo;Association Neuch\u00e2teloise des Amis du Tramway (ANAT) ! Aidez-nous \u00e0 faire revivre ces\u00a0v\u00e9hicules t\u00e9moins d&rsquo;une autre \u00e9poque et contribuez au d\u00e9veloppement touristique de cette belle r\u00e9gion ![\/vc_column_text]<div class=\"ult-spacer spacer-69e05c0388fc4\" data-id=\"69e05c0388fc4\" data-height=\"45\" data-height-mobile=\"45\" data-height-tab=\"45\" data-height-tab-portrait=\"\" data-height-mobile-landscape=\"\" style=\"clear:both;display:block;\"><\/div>[vc_column_text]Cotisations annuelles :[\/vc_column_text][vc_column_text]<\/p>\n<p style=\"text-align: center;\"><strong>Enfant (moins de 20ans)<\/strong><\/p>\n<p style=\"text-align: center;\">CHF 25.-<\/p>\n<p>&nbsp;<\/p>\n<p style=\"text-align: center;\"><strong>Adulte<\/strong><\/p>\n<p style=\"text-align: center;\">CHF 55.-<\/p>\n<p>&nbsp;<\/p>\n<p style=\"text-align: center;\"><strong>Entreprise<\/strong><\/p>\n<p style=\"text-align: center;\">CHF 100.-<\/p>\n<p>&nbsp;<\/p>\n<p>[\/vc_column_text]<div class=\"ult-spacer spacer-69e05c0388fcb\" data-id=\"69e05c0388fcb\" data-height=\"30\" data-height-mobile=\"30\" data-height-tab=\"30\" data-height-tab-portrait=\"\" data-height-mobile-landscape=\"\" style=\"clear:both;display:block;\"><\/div>[\/vc_column][vc_column width=\u00a0\u00bb1\/2&Prime;]\n<div class=\"wpcf7 no-js\" id=\"wpcf7-f930-o1\" lang=\"fr-FR\" dir=\"ltr\" data-wpcf7-id=\"930\">\n<div class=\"screen-reader-response\"><p role=\"status\" aria-live=\"polite\" aria-atomic=\"true\"><\/p> <ul><\/ul><\/div>\n<form action=\"\/wp\/wp-json\/wp\/v2\/pages\/769#wpcf7-f930-o1\" method=\"post\" class=\"wpcf7-form init\" aria-label=\"Formulaire de contact\" novalidate=\"novalidate\" data-status=\"init\">\n<fieldset class=\"hidden-fields-container\"><input type=\"hidden\" name=\"_wpcf7\" value=\"930\" \/><input type=\"hidden\" name=\"_wpcf7_version\" value=\"6.1.5\" \/><input type=\"hidden\" name=\"_wpcf7_locale\" value=\"fr_FR\" \/><input type=\"hidden\" name=\"_wpcf7_unit_tag\" value=\"wpcf7-f930-o1\" \/><input type=\"hidden\" name=\"_wpcf7_container_post\" value=\"0\" \/><input type=\"hidden\" name=\"_wpcf7_posted_data_hash\" value=\"\" \/><input type=\"hidden\" name=\"_wpcf7_recaptcha_response\" value=\"\" \/>\n<\/fieldset>\n<p><span class=\"wpcf7-form-control-wrap\" data-name=\"radio-478\"><span class=\"wpcf7-form-control wpcf7-radio\"><span class=\"wpcf7-list-item first\"><input type=\"radio\" name=\"radio-478\" value=\"Madame\" \/><span class=\"wpcf7-list-item-label\">Madame<\/span><\/span><span class=\"wpcf7-list-item\"><input type=\"radio\" name=\"radio-478\" value=\"Monsieur\" \/><span class=\"wpcf7-list-item-label\">Monsieur<\/span><\/span><span class=\"wpcf7-list-item last\"><input type=\"radio\" name=\"radio-478\" value=\"Entreprise\" \/><span class=\"wpcf7-list-item-label\">Entreprise<\/span><\/span><\/span><\/span>\n<\/p>\n<p>Nom *\n<\/p>\n<p><span class=\"wpcf7-form-control-wrap\" data-name=\"your-name\"><input size=\"40\" maxlength=\"400\" class=\"wpcf7-form-control wpcf7-text wpcf7-validates-as-required\" aria-required=\"true\" aria-invalid=\"false\" value=\"\" type=\"text\" name=\"your-name\" \/><\/span>\n<\/p>\n<p>Pr\u00e9nom *\n<\/p>\n<p><span class=\"wpcf7-form-control-wrap\" data-name=\"firstname\"><input size=\"40\" maxlength=\"400\" class=\"wpcf7-form-control wpcf7-text wpcf7-validates-as-required\" aria-required=\"true\" aria-invalid=\"false\" value=\"\" type=\"text\" name=\"firstname\" \/><\/span>\n<\/p>\n<p>Date de naissance (jj.mm.aaaa) *\n<\/p>\n<p><span class=\"wpcf7-form-control-wrap\" data-name=\"date-585\"><input size=\"40\" maxlength=\"400\" class=\"wpcf7-form-control wpcf7-text wpcf7-validates-as-required\" aria-required=\"true\" aria-invalid=\"false\" value=\"\" type=\"text\" name=\"date-585\" \/><\/span>\n<\/p>\n<p>Adresse *\n<\/p>\n<p><span class=\"wpcf7-form-control-wrap\" data-name=\"adress\"><input size=\"40\" maxlength=\"400\" class=\"wpcf7-form-control wpcf7-text wpcf7-validates-as-required\" aria-required=\"true\" aria-invalid=\"false\" value=\"\" type=\"text\" name=\"adress\" \/><\/span>\n<\/p>\n<p>NPA et localit\u00e9 *\n<\/p>\n<p><span class=\"wpcf7-form-control-wrap\" data-name=\"city\"><input size=\"40\" maxlength=\"400\" class=\"wpcf7-form-control wpcf7-text wpcf7-validates-as-required\" aria-required=\"true\" aria-invalid=\"false\" value=\"\" type=\"text\" name=\"city\" \/><\/span>\n<\/p>\n<p>Pays *\n<\/p>\n<p><span class=\"wpcf7-form-control-wrap\" data-name=\"country\"><input size=\"40\" maxlength=\"400\" class=\"wpcf7-form-control wpcf7-text wpcf7-validates-as-required\" aria-required=\"true\" aria-invalid=\"false\" value=\"\" type=\"text\" name=\"country\" \/><\/span>\n<\/p>\n<p>Courriel *\n<\/p>\n<p><span class=\"wpcf7-form-control-wrap\" data-name=\"email\"><input size=\"40\" maxlength=\"400\" class=\"wpcf7-form-control wpcf7-email wpcf7-validates-as-required wpcf7-text wpcf7-validates-as-email\" aria-required=\"true\" aria-invalid=\"false\" value=\"\" type=\"email\" name=\"email\" \/><\/span>\n<\/p>\n<p>T\u00e9l\u00e9phone *\n<\/p>\n<p><span class=\"wpcf7-form-control-wrap\" data-name=\"telephone\"><input size=\"40\" maxlength=\"400\" class=\"wpcf7-form-control wpcf7-tel wpcf7-validates-as-required wpcf7-text wpcf7-validates-as-tel\" aria-required=\"true\" aria-invalid=\"false\" value=\"\" type=\"tel\" name=\"telephone\" \/><\/span>\n<\/p>\n<p>Membre actif *\n<\/p>\n<p><span class=\"wpcf7-form-control-wrap\" data-name=\"radio-633\"><span class=\"wpcf7-form-control wpcf7-radio\"><span class=\"wpcf7-list-item first\"><input type=\"radio\" name=\"radio-633\" value=\"Oui\" \/><span class=\"wpcf7-list-item-label\">Oui<\/span><\/span><span class=\"wpcf7-list-item last\"><input type=\"radio\" name=\"radio-633\" value=\"Non\" \/><span class=\"wpcf7-list-item-label\">Non<\/span><\/span><\/span><\/span>\n<\/p>\n<p><input class=\"wpcf7-form-control wpcf7-submit has-spinner\" type=\"submit\" value=\"Envoyer\" \/>\n<\/p><div class=\"wpcf7-response-output\" aria-hidden=\"true\"><\/div>\n<\/form>\n<\/div>\n[\/vc_column][\/vc_row]<\/p>\n<\/div>","protected":false},"excerpt":{"rendered":"<p>[vc_row][vc_column width=\u00a0\u00bb1\/2&Prime;][\/vc_column][vc_column width=\u00a0\u00bb1\/2&Prime;][\/vc_column][\/vc_row][vc_row][vc_column width=\u00a0\u00bb1\/2&Prime;][vc_column_text]Apportez votre soutien en devenant membre\u00a0de l&rsquo;Association Neuch\u00e2teloise des Amis du Tramway (ANAT) ! Aidez-nous \u00e0 faire revivre ces\u00a0v\u00e9hicules t\u00e9moins d&rsquo;une autre \u00e9poque et contribuez au d\u00e9veloppement touristique de cette belle r\u00e9gion ![\/vc_column_text][vc_column_text]Cotisations annuelles :[\/vc_column_text][vc_column_text] Enfant (moins de 20ans) CHF 25.- &nbsp; Adulte CHF 55.- &nbsp; Entreprise CHF 100.- &nbsp; [\/vc_column_text][\/vc_column][vc_column width=\u00a0\u00bb1\/2&Prime;][\/vc_column][\/vc_row]<\/p>\n","protected":false},"author":4,"featured_media":0,"parent":0,"menu_order":3,"comment_status":"closed","ping_status":"open","template":"","meta":{"cybocfi_hide_featured_image":"","footnotes":""},"class_list":["post-769","page","type-page","status-publish","hentry","description-off"],"_links":{"self":[{"href":"https:\/\/museedutram.ch\/wp\/wp-json\/wp\/v2\/pages\/769","targetHints":{"allow":["GET"]}}],"collection":[{"href":"https:\/\/museedutram.ch\/wp\/wp-json\/wp\/v2\/pages"}],"about":[{"href":"https:\/\/museedutram.ch\/wp\/wp-json\/wp\/v2\/types\/page"}],"author":[{"embeddable":true,"href":"https:\/\/museedutram.ch\/wp\/wp-json\/wp\/v2\/users\/4"}],"replies":[{"embeddable":true,"href":"https:\/\/museedutram.ch\/wp\/wp-json\/wp\/v2\/comments?post=769"}],"version-history":[{"count":8,"href":"https:\/\/museedutram.ch\/wp\/wp-json\/wp\/v2\/pages\/769\/revisions"}],"predecessor-version":[{"id":3690,"href":"https:\/\/museedutram.ch\/wp\/wp-json\/wp\/v2\/pages\/769\/revisions\/3690"}],"wp:attachment":[{"href":"https:\/\/museedutram.ch\/wp\/wp-json\/wp\/v2\/media?parent=769"}],"curies":[{"name":"wp","href":"https:\/\/api.w.org\/{rel}","templated":true}]}}