{"id":1482,"date":"2016-12-11T19:12:03","date_gmt":"2016-12-11T18:12:03","guid":{"rendered":"https:\/\/museedutram.ch\/wp\/produit\/la-chaux-de-fonds-et-bienne-en-tram\/"},"modified":"2023-03-19T17:46:24","modified_gmt":"2023-03-19T16:46:24","slug":"la-chaux-de-fonds-et-bienne-en-tram","status":"publish","type":"product","link":"https:\/\/museedutram.ch\/wp\/produit\/la-chaux-de-fonds-et-bienne-en-tram\/","title":{"rendered":"La Chaux-de-Fonds et Bienne en Tram"},"content":{"rendered":"<p>96 pages<\/p>\n<p>Edition\u00a0S. Jacobi, 1977<br \/>\nAuteur S. Jacobi<\/p>\n","protected":false},"excerpt":{"rendered":"<p>Livre richement illustr\u00e9 sur les trams \u00e0 La Chaux-de-Fonds, au Val-de-Ruz et \u00e0 Bienne<\/p>\n","protected":false},"featured_media":1442,"template":"","meta":{"cybocfi_hide_featured_image":""},"product_brand":[],"product_cat":[12],"product_tag":[],"class_list":{"0":"post-1482","1":"product","2":"type-product","3":"status-publish","4":"has-post-thumbnail","6":"product_cat-livres","7":"product_shipping_class-coli","8":"description-off","10":"first","11":"instock","12":"shipping-taxable","13":"purchasable","14":"product-type-simple"},"_links":{"self":[{"href":"https:\/\/museedutram.ch\/wp\/wp-json\/wp\/v2\/product\/1482","targetHints":{"allow":["GET"]}}],"collection":[{"href":"https:\/\/museedutram.ch\/wp\/wp-json\/wp\/v2\/product"}],"about":[{"href":"https:\/\/museedutram.ch\/wp\/wp-json\/wp\/v2\/types\/product"}],"wp:featuredmedia":[{"embeddable":true,"href":"https:\/\/museedutram.ch\/wp\/wp-json\/wp\/v2\/media\/1442"}],"wp:attachment":[{"href":"https:\/\/museedutram.ch\/wp\/wp-json\/wp\/v2\/media?parent=1482"}],"wp:term":[{"taxonomy":"product_brand","embeddable":true,"href":"https:\/\/museedutram.ch\/wp\/wp-json\/wp\/v2\/product_brand?post=1482"},{"taxonomy":"product_cat","embeddable":true,"href":"https:\/\/museedutram.ch\/wp\/wp-json\/wp\/v2\/product_cat?post=1482"},{"taxonomy":"product_tag","embeddable":true,"href":"https:\/\/museedutram.ch\/wp\/wp-json\/wp\/v2\/product_tag?post=1482"}],"curies":[{"name":"wp","href":"https:\/\/api.w.org\/{rel}","templated":true}]}}