{"id":1503,"date":"2016-12-11T19:58:37","date_gmt":"2016-12-11T18:58:37","guid":{"rendered":"https:\/\/museedutram.ch\/wp\/produit\/neuchatel-que-sont-devenus-nos-tramways-dantan\/"},"modified":"2023-10-12T13:08:41","modified_gmt":"2023-10-12T12:08:41","slug":"neuchatel-que-sont-devenus-nos-tramways-dantan","status":"publish","type":"product","link":"https:\/\/museedutram.ch\/wp\/produit\/neuchatel-que-sont-devenus-nos-tramways-dantan\/","title":{"rendered":"NE : que sont devenus nos tramways d&rsquo;antan ?"},"content":{"rendered":"<p>Format A4, 24 pages<\/p>\n<p>Editions\u00a0ANAT, 1996<\/p>\n<p>Sp\u00e9cial 20 ans<br \/>\nAuteurs Laurent Maeder et Claude Garcin<\/p>\n","protected":false},"excerpt":{"rendered":"<p>Revue retra\u00e7ant les destin\u00e9es des voitures de tramways neuch\u00e2telois.<br \/>\nEtat en 1996.<\/p>\n","protected":false},"featured_media":1446,"template":"","meta":{"cybocfi_hide_featured_image":""},"product_brand":[],"product_cat":[19],"product_tag":[],"class_list":{"0":"post-1503","1":"product","2":"type-product","3":"status-publish","4":"has-post-thumbnail","6":"product_cat-revues","7":"product_shipping_class-enveloppe","8":"description-off","10":"first","11":"instock","12":"shipping-taxable","13":"purchasable","14":"product-type-simple"},"_links":{"self":[{"href":"https:\/\/museedutram.ch\/wp\/wp-json\/wp\/v2\/product\/1503","targetHints":{"allow":["GET"]}}],"collection":[{"href":"https:\/\/museedutram.ch\/wp\/wp-json\/wp\/v2\/product"}],"about":[{"href":"https:\/\/museedutram.ch\/wp\/wp-json\/wp\/v2\/types\/product"}],"wp:featuredmedia":[{"embeddable":true,"href":"https:\/\/museedutram.ch\/wp\/wp-json\/wp\/v2\/media\/1446"}],"wp:attachment":[{"href":"https:\/\/museedutram.ch\/wp\/wp-json\/wp\/v2\/media?parent=1503"}],"wp:term":[{"taxonomy":"product_brand","embeddable":true,"href":"https:\/\/museedutram.ch\/wp\/wp-json\/wp\/v2\/product_brand?post=1503"},{"taxonomy":"product_cat","embeddable":true,"href":"https:\/\/museedutram.ch\/wp\/wp-json\/wp\/v2\/product_cat?post=1503"},{"taxonomy":"product_tag","embeddable":true,"href":"https:\/\/museedutram.ch\/wp\/wp-json\/wp\/v2\/product_tag?post=1503"}],"curies":[{"name":"wp","href":"https:\/\/api.w.org\/{rel}","templated":true}]}}